{"id":2154,"date":"2021-11-26T17:54:03","date_gmt":"2021-11-26T17:54:03","guid":{"rendered":"https:\/\/sitio.vericentrum.mx\/?page_id=2154"},"modified":"2022-04-28T00:43:07","modified_gmt":"2022-04-28T00:43:07","slug":"certificaciones-para-la-importacion-de-vehiculos-electricos","status":"publish","type":"page","link":"https:\/\/vericentrum.mx\/?page_id=2154&lang=es","title":{"rendered":"Certificaciones para la importaci\u00f3n de Veh\u00edculos El\u00e9ctricos"},"content":{"rendered":"\t\t<div data-elementor-type=\"wp-page\" data-elementor-id=\"2154\" class=\"elementor elementor-2154\" data-elementor-settings=\"[]\">\n\t\t\t\t\t\t\t<div class=\"elementor-section-wrap\">\n\t\t\t\t\t\t\t<section class=\"elementor-section elementor-top-section elementor-element elementor-element-2272b639 elementor-section-content-middle elementor-section-boxed elementor-section-height-default elementor-section-height-default\" data-id=\"2272b639\" data-element_type=\"section\" data-settings=\"{&quot;background_background&quot;:&quot;classic&quot;}\">\n\t\t\t\t\t\t\t<div class=\"elementor-background-overlay\"><\/div>\n\t\t\t\t\t\t\t<div class=\"elementor-container elementor-column-gap-no\">\n\t\t\t\t\t<div class=\"elementor-column elementor-col-100 elementor-top-column elementor-element elementor-element-7358b2de\" data-id=\"7358b2de\" data-element_type=\"column\">\n\t\t\t<div class=\"elementor-widget-wrap\">\n\t\t\t\t\t\t\t\t\t<\/div>\n\t\t<\/div>\n\t\t\t\t\t\t\t<\/div>\n\t\t<\/section>\n\t\t\t\t<section class=\"elementor-section elementor-top-section elementor-element elementor-element-47a72625 elementor-section-full_width elementor-section-height-default elementor-section-height-default\" data-id=\"47a72625\" data-element_type=\"section\">\n\t\t\t\t\t\t<div class=\"elementor-container elementor-column-gap-default\">\n\t\t\t\t\t<div class=\"elementor-column elementor-col-100 elementor-top-column elementor-element elementor-element-7502687a\" data-id=\"7502687a\" data-element_type=\"column\" data-settings=\"{&quot;background_background&quot;:&quot;classic&quot;}\">\n\t\t\t<div class=\"elementor-widget-wrap elementor-element-populated\">\n\t\t\t\t\t\t\t\t<section class=\"elementor-section elementor-inner-section elementor-element elementor-element-768df0f2 elementor-section-full_width elementor-section-content-middle elementor-section-height-default elementor-section-height-default\" data-id=\"768df0f2\" data-element_type=\"section\">\n\t\t\t\t\t\t<div class=\"elementor-container elementor-column-gap-no\">\n\t\t\t\t\t<div class=\"elementor-column elementor-col-50 elementor-inner-column elementor-element elementor-element-574630a7\" data-id=\"574630a7\" data-element_type=\"column\" data-settings=\"{&quot;background_background&quot;:&quot;classic&quot;}\">\n\t\t\t<div class=\"elementor-widget-wrap elementor-element-populated\">\n\t\t\t\t\t\t\t\t<div class=\"elementor-element elementor-element-4be49003 elementor-widget-divider--view-line elementor-widget elementor-widget-divider\" data-id=\"4be49003\" data-element_type=\"widget\" data-widget_type=\"divider.default\">\n\t\t\t\t<div class=\"elementor-widget-container\">\n\t\t\t\t\t<div class=\"elementor-divider\">\n\t\t\t<span class=\"elementor-divider-separator\">\n\t\t\t\t\t\t<\/span>\n\t\t<\/div>\n\t\t\t\t<\/div>\n\t\t\t\t<\/div>\n\t\t\t\t<div class=\"elementor-element elementor-element-4e384bfc elementor-widget elementor-widget-heading\" data-id=\"4e384bfc\" data-element_type=\"widget\" data-widget_type=\"heading.default\">\n\t\t\t\t<div class=\"elementor-widget-container\">\n\t\t\t<h2 class=\"elementor-heading-title elementor-size-default\">Dict\u00e1menes y Certificaciones para la importaci\u00f3n de Veh\u00edculos El\u00e9ctricos<\/h2>\t\t<\/div>\n\t\t\t\t<\/div>\n\t\t\t\t<div class=\"elementor-element elementor-element-11e412d3 elementor-widget elementor-widget-text-editor\" data-id=\"11e412d3\" data-element_type=\"widget\" data-widget_type=\"text-editor.default\">\n\t\t\t\t<div class=\"elementor-widget-container\">\n\t\t\t\t\t<div class=\"elementor-text-editor elementor-clearfix\"><p>M\u00e9xico libera los aranceles a la importaci\u00f3n de veh\u00edculos el\u00e9ctricos en Decreto a partir del pasado 3 de septiembre de 2020, con el Decreto que modifica la Tarifa de la Ley de Impuestos Generales de Importaci\u00f3n y Exportaci\u00f3n, con la finalidad de promover la disminuci\u00f3n de gases contaminantes en territorio mexicano.<\/p><p>De igual manera el gobierno mexicano planea incentivar con esto la comercializaci\u00f3n y compra de veh\u00edculos el\u00e9ctricos y crear conciencia ambiental de la mano de la Secretar\u00eda de Econom\u00eda.<\/p><\/div>\n\t\t\t\t<\/div>\n\t\t\t\t<\/div>\n\t\t\t\t\t<\/div>\n\t\t<\/div>\n\t\t\t\t<div class=\"elementor-column elementor-col-50 elementor-inner-column elementor-element elementor-element-2d20c6b6\" data-id=\"2d20c6b6\" data-element_type=\"column\" data-settings=\"{&quot;background_background&quot;:&quot;classic&quot;}\">\n\t\t\t<div class=\"elementor-widget-wrap\">\n\t\t\t\t\t<div class=\"elementor-background-overlay\"><\/div>\n\t\t\t\t\t\t\t\t\t<\/div>\n\t\t<\/div>\n\t\t\t\t\t\t\t<\/div>\n\t\t<\/section>\n\t\t\t\t\t<\/div>\n\t\t<\/div>\n\t\t\t\t\t\t\t<\/div>\n\t\t<\/section>\n\t\t\t\t<section class=\"elementor-section elementor-top-section elementor-element elementor-element-1a1d1142 elementor-section-boxed elementor-section-height-default elementor-section-height-default\" data-id=\"1a1d1142\" data-element_type=\"section\" data-settings=\"{&quot;background_background&quot;:&quot;classic&quot;}\">\n\t\t\t\t\t\t<div class=\"elementor-container elementor-column-gap-default\">\n\t\t\t\t\t<div class=\"elementor-column elementor-col-100 elementor-top-column elementor-element elementor-element-68b13450\" data-id=\"68b13450\" data-element_type=\"column\">\n\t\t\t<div class=\"elementor-widget-wrap elementor-element-populated\">\n\t\t\t\t\t\t\t\t<div class=\"elementor-element elementor-element-d2ccdba elementor-widget elementor-widget-heading\" data-id=\"d2ccdba\" data-element_type=\"widget\" data-widget_type=\"heading.default\">\n\t\t\t\t<div class=\"elementor-widget-container\">\n\t\t\t<h2 class=\"elementor-heading-title elementor-size-default\">LOS ARANCELES QUE SE MODIFICAN PARA EFECTOS DEL DECRETO SON LOS SIGUIENTES:\n<\/h2>\t\t<\/div>\n\t\t\t\t<\/div>\n\t\t\t\t<div class=\"elementor-element elementor-element-9be0f36 elementor-icon-list--layout-traditional elementor-list-item-link-full_width elementor-widget elementor-widget-icon-list\" data-id=\"9be0f36\" data-element_type=\"widget\" data-widget_type=\"icon-list.default\">\n\t\t\t\t<div class=\"elementor-widget-container\">\n\t\t\t\t\t<ul class=\"elementor-icon-list-items\">\n\t\t\t\t\t\t\t<li class=\"elementor-icon-list-item\">\n\t\t\t\t\t\t\t\t\t\t\t<span class=\"elementor-icon-list-icon\">\n\t\t\t\t\t\t\t<i aria-hidden=\"true\" class=\"fas fa-check\"><\/i>\t\t\t\t\t\t<\/span>\n\t\t\t\t\t\t\t\t\t\t<span class=\"elementor-icon-list-text\">Veh\u00edculos el\u00e9ctricos nuevos para el transporte de diez o m\u00e1s personas, incluido en el conductor.<\/span>\n\t\t\t\t\t\t\t\t\t<\/li>\n\t\t\t\t\t\t\t\t<li class=\"elementor-icon-list-item\">\n\t\t\t\t\t\t\t\t\t\t\t<span class=\"elementor-icon-list-icon\">\n\t\t\t\t\t\t\t<i aria-hidden=\"true\" class=\"fas fa-check\"><\/i>\t\t\t\t\t\t<\/span>\n\t\t\t\t\t\t\t\t\t\t<span class=\"elementor-icon-list-text\">Autom\u00f3viles el\u00e9ctricos nuevos de turismo y dem\u00e1s veh\u00edculos autom\u00f3viles concebidos principalmente para el transporte de personas, incluidos los veh\u00edculos del tipo familiar (\u201cbreak\u201d o \u201cstation wagon\u201d) y los de carreras.<\/span>\n\t\t\t\t\t\t\t\t\t<\/li>\n\t\t\t\t\t\t\t\t<li class=\"elementor-icon-list-item\">\n\t\t\t\t\t\t\t\t\t\t\t<span class=\"elementor-icon-list-icon\">\n\t\t\t\t\t\t\t<i aria-hidden=\"true\" class=\"fas fa-check\"><\/i>\t\t\t\t\t\t<\/span>\n\t\t\t\t\t\t\t\t\t\t<span class=\"elementor-icon-list-text\">Veh\u00edculos el\u00e9ctricos nuevos para el transporte de mercanc\u00edas.<\/span>\n\t\t\t\t\t\t\t\t\t<\/li>\n\t\t\t\t\t\t<\/ul>\n\t\t\t\t<\/div>\n\t\t\t\t<\/div>\n\t\t\t\t<div class=\"elementor-element elementor-element-4514441 elementor-widget elementor-widget-text-editor\" data-id=\"4514441\" data-element_type=\"widget\" data-widget_type=\"text-editor.default\">\n\t\t\t\t<div class=\"elementor-widget-container\">\n\t\t\t\t\t<div class=\"elementor-text-editor elementor-clearfix\"><p>Los veh\u00edculos electricos requieren la Evaluaci\u00f3n de la Conformidad y Dictamen de Cumplimiento de la Norma Oficial Mexicana NOM-194-SCFI-2015, Dispositivos de seguridad esenciales en veh\u00edculos nuevos-Especificaciones de seguridad.<\/p><p>La Entidad Mexicana de Acreditaci\u00f3n otorg\u00f3 a Vericentrum el Registro No. UVSVN 005 como Unidad de Inspecci\u00f3n bajo la norma NMX-EC-17020-IMNC-2014 ISO\/IEC 17020:2012. \u00a0<\/p><p><strong>Tambi\u00e9n aplicamos la Prueba de Ruido Din\u00e1mica Automotriz con base en:<\/strong><\/p><ul><li>NORMA OFICIAL MEXICANA NOM\u2013079-SEMARNAT-1994. Que establece los l\u00edmites m\u00e1ximos permisibles de emisi\u00f3n de ruido de los veh\u00edculos automotores nuevos en planta y su m\u00e9todo de medici\u00f3n.<\/li><li>ISO-362. Acoustics- Measurement of noise emitted by accelerating road vehicles-Engineering method. (Acu\u0301stica-Medicio\u0301n del ruido emitido por vehi\u0301culos en circulacio\u0301n-Me\u0301todo de Ingenieri\u0301a).<\/li><li>Code\u00a0of\u00a0Federal\u00a0Regulations\u00a0No 4O, EPA\u2013 Protection of Environment, parts 19O to 399, July 1st., 1987. (C\u00f3digo de Reglamentaciones Federales 40, Agencia de Protecci\u00f3n Ambiental. Protecci\u00f3n del Medio Ambiente. Partes de la 190 a la 399. 1o. de julio de 1987).<\/li><\/ul><\/div>\n\t\t\t\t<\/div>\n\t\t\t\t<\/div>\n\t\t\t\t\t<\/div>\n\t\t<\/div>\n\t\t\t\t\t\t\t<\/div>\n\t\t<\/section>\n\t\t\t\t<section class=\"elementor-section elementor-top-section elementor-element elementor-element-4328ad85 elementor-section-full_width elementor-section-height-default elementor-section-height-default\" data-id=\"4328ad85\" data-element_type=\"section\" data-settings=\"{&quot;background_background&quot;:&quot;classic&quot;}\">\n\t\t\t\t\t\t<div class=\"elementor-container elementor-column-gap-default\">\n\t\t\t\t\t<div class=\"elementor-column elementor-col-33 elementor-top-column elementor-element elementor-element-42a4c967\" data-id=\"42a4c967\" data-element_type=\"column\">\n\t\t\t<div class=\"elementor-widget-wrap elementor-element-populated\">\n\t\t\t\t\t\t\t\t<div class=\"elementor-element elementor-element-4fbb357f elementor-widget elementor-widget-heading\" data-id=\"4fbb357f\" data-element_type=\"widget\" data-widget_type=\"heading.default\">\n\t\t\t\t<div class=\"elementor-widget-container\">\n\t\t\t<h2 class=\"elementor-heading-title elementor-size-default\">Acerca de Nosotros<\/h2>\t\t<\/div>\n\t\t\t\t<\/div>\n\t\t\t\t<div class=\"elementor-element elementor-element-737d39c1 elementor-icon-list--layout-traditional elementor-list-item-link-full_width elementor-widget elementor-widget-icon-list\" data-id=\"737d39c1\" data-element_type=\"widget\" data-widget_type=\"icon-list.default\">\n\t\t\t\t<div class=\"elementor-widget-container\">\n\t\t\t\t\t<ul class=\"elementor-icon-list-items\">\n\t\t\t\t\t\t\t<li class=\"elementor-icon-list-item\">\n\t\t\t\t\t<a href=\"http:\/\/vericentrum.mx\">\t\t\t\t\t\t<span class=\"elementor-icon-list-icon\">\n\t\t\t\t\t\t\t<i aria-hidden=\"true\" class=\"fas fa-check\"><\/i>\t\t\t\t\t\t<\/span>\n\t\t\t\t\t\t\t\t\t\t<span class=\"elementor-icon-list-text\">Inicio<\/span>\n\t\t\t\t\t\t\t\t\t\t\t<\/a>\n\t\t\t\t\t\t\t\t\t<\/li>\n\t\t\t\t\t\t\t\t<li class=\"elementor-icon-list-item\">\n\t\t\t\t\t<a href=\"https:\/\/vericentrum.mx\/quienes-somos\/\">\t\t\t\t\t\t<span class=\"elementor-icon-list-icon\">\n\t\t\t\t\t\t\t<i aria-hidden=\"true\" class=\"fas fa-check\"><\/i>\t\t\t\t\t\t<\/span>\n\t\t\t\t\t\t\t\t\t\t<span class=\"elementor-icon-list-text\">Nosotros<\/span>\n\t\t\t\t\t\t\t\t\t\t\t<\/a>\n\t\t\t\t\t\t\t\t\t<\/li>\n\t\t\t\t\t\t\t\t<li class=\"elementor-icon-list-item\">\n\t\t\t\t\t<a href=\"https:\/\/vericentrum.mx\/aviso-de-privacidad\/\">\t\t\t\t\t\t<span class=\"elementor-icon-list-icon\">\n\t\t\t\t\t\t\t<i aria-hidden=\"true\" class=\"fas fa-check\"><\/i>\t\t\t\t\t\t<\/span>\n\t\t\t\t\t\t\t\t\t\t<span class=\"elementor-icon-list-text\">Aviso de Privacidad<\/span>\n\t\t\t\t\t\t\t\t\t\t\t<\/a>\n\t\t\t\t\t\t\t\t\t<\/li>\n\t\t\t\t\t\t\t\t<li class=\"elementor-icon-list-item\">\n\t\t\t\t\t<a href=\"https:\/\/vericentrum.mx\/contacto\/\">\t\t\t\t\t\t<span class=\"elementor-icon-list-icon\">\n\t\t\t\t\t\t\t<i aria-hidden=\"true\" class=\"fas fa-check\"><\/i>\t\t\t\t\t\t<\/span>\n\t\t\t\t\t\t\t\t\t\t<span class=\"elementor-icon-list-text\">Contacto<\/span>\n\t\t\t\t\t\t\t\t\t\t\t<\/a>\n\t\t\t\t\t\t\t\t\t<\/li>\n\t\t\t\t\t\t<\/ul>\n\t\t\t\t<\/div>\n\t\t\t\t<\/div>\n\t\t\t\t\t<\/div>\n\t\t<\/div>\n\t\t\t\t<div class=\"elementor-column elementor-col-33 elementor-top-column elementor-element elementor-element-646cda14\" data-id=\"646cda14\" data-element_type=\"column\">\n\t\t\t<div class=\"elementor-widget-wrap elementor-element-populated\">\n\t\t\t\t\t\t\t\t<div class=\"elementor-element elementor-element-58492f16 elementor-widget elementor-widget-heading\" data-id=\"58492f16\" data-element_type=\"widget\" data-widget_type=\"heading.default\">\n\t\t\t\t<div class=\"elementor-widget-container\">\n\t\t\t<h2 class=\"elementor-heading-title elementor-size-default\">S\u00edguenos en<\/h2>\t\t<\/div>\n\t\t\t\t<\/div>\n\t\t\t\t<div class=\"elementor-element elementor-element-fb12ae8 elementor-shape-rounded elementor-grid-0 e-grid-align-center elementor-widget elementor-widget-social-icons\" data-id=\"fb12ae8\" data-element_type=\"widget\" data-widget_type=\"social-icons.default\">\n\t\t\t\t<div class=\"elementor-widget-container\">\n\t\t\t\t\t<div class=\"elementor-social-icons-wrapper elementor-grid\">\n\t\t\t\t\t\t\t<div class=\"elementor-grid-item\">\n\t\t\t\t\t<a class=\"elementor-icon elementor-social-icon elementor-social-icon-facebook elementor-repeater-item-cca25ab\" href=\"https:\/\/www.facebook.com\/profile.php?id=100066366443544\" target=\"_blank\">\n\t\t\t\t\t\t<span class=\"elementor-screen-only\">Facebook<\/span>\n\t\t\t\t\t\t<i class=\"fab fa-facebook\"><\/i>\t\t\t\t\t<\/a>\n\t\t\t\t<\/div>\n\t\t\t\t\t<\/div>\n\t\t\t\t<\/div>\n\t\t\t\t<\/div>\n\t\t\t\t\t<\/div>\n\t\t<\/div>\n\t\t\t\t<div class=\"elementor-column elementor-col-33 elementor-top-column elementor-element elementor-element-141bf814\" data-id=\"141bf814\" data-element_type=\"column\">\n\t\t\t<div class=\"elementor-widget-wrap\">\n\t\t\t\t\t\t\t\t\t<\/div>\n\t\t<\/div>\n\t\t\t\t\t\t\t<\/div>\n\t\t<\/section>\n\t\t\t\t<section class=\"elementor-section elementor-top-section elementor-element elementor-element-23e85bdb elementor-section-full_width elementor-section-height-default elementor-section-height-default\" data-id=\"23e85bdb\" data-element_type=\"section\">\n\t\t\t\t\t\t<div class=\"elementor-container elementor-column-gap-default\">\n\t\t\t\t\t<div class=\"elementor-column elementor-col-50 elementor-top-column elementor-element elementor-element-6cec1f97\" data-id=\"6cec1f97\" data-element_type=\"column\">\n\t\t\t<div class=\"elementor-widget-wrap elementor-element-populated\">\n\t\t\t\t\t\t\t\t<div class=\"elementor-element elementor-element-1e2ee679 elementor-widget elementor-widget-text-editor\" data-id=\"1e2ee679\" data-element_type=\"widget\" data-widget_type=\"text-editor.default\">\n\t\t\t\t<div class=\"elementor-widget-container\">\n\t\t\t\t\t<div class=\"elementor-text-editor elementor-clearfix\"><p>Todos los derechos reservados. <strong>Vericentrum<\/strong><\/p><\/div>\n\t\t\t\t<\/div>\n\t\t\t\t<\/div>\n\t\t\t\t\t<\/div>\n\t\t<\/div>\n\t\t\t\t<div class=\"elementor-column elementor-col-50 elementor-top-column elementor-element elementor-element-63cc3ac9\" data-id=\"63cc3ac9\" data-element_type=\"column\">\n\t\t\t<div class=\"elementor-widget-wrap elementor-element-populated\">\n\t\t\t\t\t\t\t\t<div class=\"elementor-element elementor-element-4473b6a2 elementor-widget elementor-widget-text-editor\" data-id=\"4473b6a2\" data-element_type=\"widget\" data-widget_type=\"text-editor.default\">\n\t\t\t\t<div class=\"elementor-widget-container\">\n\t\t\t\t\t<div class=\"elementor-text-editor elementor-clearfix\"><p>Dise\u00f1ado por <a href=\"http:\/\/www.interactivexs.com\" target=\"_blank\" rel=\"noopener\"><strong>Interactive Xpress Solutions<\/strong><\/a><\/p><\/div>\n\t\t\t\t<\/div>\n\t\t\t\t<\/div>\n\t\t\t\t\t<\/div>\n\t\t<\/div>\n\t\t\t\t\t\t\t<\/div>\n\t\t<\/section>\n\t\t\t\t\t\t<\/div>\n\t\t\t\t\t<\/div>\n\t\t","protected":false},"excerpt":{"rendered":"<p>Dict\u00e1menes y Certificaciones para la importaci\u00f3n de Veh\u00edculos El\u00e9ctricos M\u00e9xico libera los aranceles a la importaci\u00f3n de veh\u00edculos el\u00e9ctricos en Decreto a partir del pasado 3 de septiembre de 2020, con el Decreto que modifica la Tarifa de la Ley de Impuestos Generales de Importaci\u00f3n y Exportaci\u00f3n, con la finalidad de promover la disminuci\u00f3n de &hellip;<\/p>\n<p class=\"read-more\"> <a class=\"\" href=\"https:\/\/vericentrum.mx\/?page_id=2154&#038;lang=es\"> <span class=\"screen-reader-text\">Certificaciones para la importaci\u00f3n de Veh\u00edculos El\u00e9ctricos<\/span> Leer m\u00e1s &raquo;<\/a><\/p>\n","protected":false},"author":1,"featured_media":0,"parent":0,"menu_order":0,"comment_status":"closed","ping_status":"closed","template":"","meta":{"footnotes":""},"class_list":["post-2154","page","type-page","status-publish","hentry"],"_links":{"self":[{"href":"https:\/\/vericentrum.mx\/index.php?rest_route=\/wp\/v2\/pages\/2154","targetHints":{"allow":["GET"]}}],"collection":[{"href":"https:\/\/vericentrum.mx\/index.php?rest_route=\/wp\/v2\/pages"}],"about":[{"href":"https:\/\/vericentrum.mx\/index.php?rest_route=\/wp\/v2\/types\/page"}],"author":[{"embeddable":true,"href":"https:\/\/vericentrum.mx\/index.php?rest_route=\/wp\/v2\/users\/1"}],"replies":[{"embeddable":true,"href":"https:\/\/vericentrum.mx\/index.php?rest_route=%2Fwp%2Fv2%2Fcomments&post=2154"}],"version-history":[{"count":37,"href":"https:\/\/vericentrum.mx\/index.php?rest_route=\/wp\/v2\/pages\/2154\/revisions"}],"predecessor-version":[{"id":2888,"href":"https:\/\/vericentrum.mx\/index.php?rest_route=\/wp\/v2\/pages\/2154\/revisions\/2888"}],"wp:attachment":[{"href":"https:\/\/vericentrum.mx\/index.php?rest_route=%2Fwp%2Fv2%2Fmedia&parent=2154"}],"curies":[{"name":"wp","href":"https:\/\/api.w.org\/{rel}","templated":true}]}}